{"id":610,"date":"2020-06-04T15:59:34","date_gmt":"2020-06-04T13:59:34","guid":{"rendered":"https:\/\/ffp.no\/ung\/?page_id=610"},"modified":"2020-07-07T13:16:36","modified_gmt":"2020-07-07T11:16:36","slug":"arets-kampanje-not-my-crime-still-my-sentence","status":"publish","type":"page","link":"https:\/\/ffp.no\/ung\/arets-kampanje-not-my-crime-still-my-sentence\/","title":{"rendered":"\u00c5rets kampanje: Not my Crime, Still my Sentence"},"content":{"rendered":"<p>I juni hvert \u00e5r, \u00f8nsker FFP \u00e5 bidra til \u00e5 sette ekstra fokus p\u00e5 barn med et familiemedlem i fengsel. Dette er en del av den \u00e5rlige kampanjen til det Europeiske nettverket COPE \u2013 Children of Prisoners Europe \u2013 som heter <em>Not my Crime, Still my Sentence. <\/em>Kampanjen handler om \u00e5 bevisstgj\u00f8re befolkningen, politikere og ansatte i fengslene om situasjonen til barn med familiemedlem i fengsel, og \u00e5 gj\u00f8re situasjonen deres bedre.<\/p>\n<p><em><br \/>\n<\/em>Siden 2010 har FFP arrangert <em>Hjerte for barna-aksjon<\/em>, der vi har sendt ut hjerteformede postkort til alle fengsler i Norge. P\u00e5 dem oppfordrer vi fengslene til \u00e5 steke vafler i bes\u00f8ksavdelingen, eller gj\u00f8re noe annet hyggelig for barn p\u00e5 bes\u00f8k. P\u00e5 grunn av koronasituasjonen er det ikke verken voksne eller barn p\u00e5 bes\u00f8k i fengslene i Norge, og FFP har derfor valgt \u00e5 heller sette fokus p\u00e5 barna p\u00e5 en annen m\u00e5te.<\/p>\n<p>I juni postet FFP Ung saker i v\u00e5re SoMe-kanaler og p\u00e5 v\u00e5r hjemmeside om barn som er p\u00e5virket av fengsling i familien. Vi satte spesielt fokus p\u00e5 Europar\u00e5dets anbefalinger for barn og unge med foreldre i fengsel, som kom i 2018. Disse anbefalingene ble skrevet om til barnevennlig spr\u00e5k,\u00a0 med hjelp av barn fra FFP Ung, og gitt ut i brosjyra <em>It`s Time to Act <\/em>i 2019. <a href=\"https:\/\/childrenofprisoners.eu\/wp-content\/uploads\/2020\/06\/EN-COPE-booklet-digital_1.pdf\">Den kan du lese her!<\/a><\/p>\n<p>\u00c5rets kampanje fra COPE handler om at barn skal tenke over hva disse anbefalingene har med dem selv og deres liv \u00e5 gj\u00f8re. Den handler om \u00e5 gi barna en stemme, om \u00e5 la de uttrykke seg s\u00e5nn som det er naturlig for dem, og om \u00e5 f\u00e5 de som bestemmer i Norge og Europa til \u00e5 lytte!<\/p>\n<p>I slutten av juni hadde FFP en tegne-workshop for barn og unge med familiemedlem i fengsel. Vi vil sende tegningene til politiske ledere i Norge og Europa.<\/p>\n<p><strong>Her er noen av sakene FFP har delt i juni:<\/strong><\/p>\n<p><a href=\"\/ung\/2020\/06\/29\/hvordan-er-det-a-besoke-et-familiemedlem-i-fengsel\/\">Hvordan er det \u00e5 bes\u00f8ke et familiemedlem i fengsel?<\/a><\/p>\n<p><a href=\"\/ung\/2020\/06\/29\/livet-pa-utsiden-av-fengsel\/\">Livet p\u00e5 utsiden av muren<\/a><\/p>\n<p><a href=\"\/ung\/2020\/06\/29\/savner-mamma\/\">Savner mamma<\/a><\/p>\n<p><a href=\"\/ung\/2020\/06\/29\/da-pappa-kom-i-fengsel-hvordan-andre-barn-har-opplevd-arrestasjon\/\">Hvordan andre barn har opplevd en arrestasjon<\/a><\/p>\n<p><a href=\"\/ung\/2020\/07\/07\/barn-ma-fa-vite-hvor-foreldrene-er\/\">Barn m\u00e5 f\u00e5 vite hvor foreldrene er!<\/a><\/p>\n<p>&nbsp;<\/p>\n<p>F\u00f8lg oss p\u00e5 b\u00e5de <a href=\"https:\/\/www.instagram.com\/ffp_ung\/?hl=nb\">Instagram<\/a> og <a href=\"https:\/\/www.facebook.com\/For-Fangers-P%C3%A5r%C3%B8rende-FFP-355683897847333\/\">Facebook<\/a>!<\/p>\n","protected":false},"excerpt":{"rendered":"<p>I juni hvert \u00e5r, \u00f8nsker FFP \u00e5 bidra til \u00e5 sette ekstra fokus p\u00e5 barn med et familiemedlem i fengsel. Dette er en del av den \u00e5rlige kampanjen til det Europeiske nettverket COPE \u2013 Children of Prisoners Europe \u2013 som heter Not my Crime, Still my Sentence. Kampanjen handler om \u00e5 bevisstgj\u00f8re befolkningen, politikere og [&hellip;]<\/p>\n","protected":false},"author":3,"featured_media":611,"parent":0,"menu_order":0,"comment_status":"closed","ping_status":"closed","template":"","meta":{"footnotes":""},"class_list":["post-610","page","type-page","status-publish","has-post-thumbnail","hentry"],"_links":{"self":[{"href":"https:\/\/ffp.no\/ung\/wp-json\/wp\/v2\/pages\/610","targetHints":{"allow":["GET"]}}],"collection":[{"href":"https:\/\/ffp.no\/ung\/wp-json\/wp\/v2\/pages"}],"about":[{"href":"https:\/\/ffp.no\/ung\/wp-json\/wp\/v2\/types\/page"}],"author":[{"embeddable":true,"href":"https:\/\/ffp.no\/ung\/wp-json\/wp\/v2\/users\/3"}],"replies":[{"embeddable":true,"href":"https:\/\/ffp.no\/ung\/wp-json\/wp\/v2\/comments?post=610"}],"version-history":[{"count":5,"href":"https:\/\/ffp.no\/ung\/wp-json\/wp\/v2\/pages\/610\/revisions"}],"predecessor-version":[{"id":641,"href":"https:\/\/ffp.no\/ung\/wp-json\/wp\/v2\/pages\/610\/revisions\/641"}],"wp:featuredmedia":[{"embeddable":true,"href":"https:\/\/ffp.no\/ung\/wp-json\/wp\/v2\/media\/611"}],"wp:attachment":[{"href":"https:\/\/ffp.no\/ung\/wp-json\/wp\/v2\/media?parent=610"}],"curies":[{"name":"wp","href":"https:\/\/api.w.org\/{rel}","templated":true}]}}