{"id":564,"date":"2020-01-28T14:50:35","date_gmt":"2020-01-28T13:50:35","guid":{"rendered":"https:\/\/ffp.no\/ung\/?page_id=564"},"modified":"2020-01-28T14:50:35","modified_gmt":"2020-01-28T13:50:35","slug":"velkommen-til-ffp-ung","status":"publish","type":"page","link":"https:\/\/ffp.no\/ung\/velkommen-til-ffp-ung\/","title":{"rendered":"Velkommen til FFP Ung!"},"content":{"rendered":"<p>Hei og velkommen til FFP Ung!<\/p>\n<p>Vi er her for alle barn\u00a0 og ungdom som har et familiemedlem i fengsel. Vi svarer p\u00e5 sp\u00f8rsm\u00e5l, har en del info p\u00e5 siden v\u00e5r, og har aktiviteter en gang i m\u00e5neden. Da kan du m\u00f8te andre barn og unge som ogs\u00e5 har et familiemedlem i fengsel, og vi gj\u00f8r noe g\u00f8y. Det er alltid veldig hyggelig!<br \/>\nVi har ogs\u00e5 samtaler med barn og unge.<\/p>\n<p>Klikk deg rundt p\u00e5 siden v\u00e5r!<\/p>\n<p>Ta kontakt med oss enten ved \u00e5 trykke p\u00e5 &#8220;Sp\u00f8r FFP&#8221; eller ved \u00e5 chatte med oss, i chattens \u00e5pningstid. Du kan v\u00e6re anonym hvis du vil det.<br \/>\nDu kan ogs\u00e5 ringe oss p\u00e5 22 11 41 30.<\/p>\n","protected":false},"excerpt":{"rendered":"<p>Hei og velkommen til FFP Ung! Vi er her for alle barn\u00a0 og ungdom som har et familiemedlem i fengsel. Vi svarer p\u00e5 sp\u00f8rsm\u00e5l, har en del info p\u00e5 siden v\u00e5r, og har aktiviteter en gang i m\u00e5neden. Da kan du m\u00f8te andre barn og unge som ogs\u00e5 har et familiemedlem i fengsel, og vi [&hellip;]<\/p>\n","protected":false},"author":3,"featured_media":566,"parent":0,"menu_order":0,"comment_status":"closed","ping_status":"closed","template":"","meta":{"footnotes":""},"class_list":["post-564","page","type-page","status-publish","has-post-thumbnail","hentry"],"_links":{"self":[{"href":"https:\/\/ffp.no\/ung\/wp-json\/wp\/v2\/pages\/564","targetHints":{"allow":["GET"]}}],"collection":[{"href":"https:\/\/ffp.no\/ung\/wp-json\/wp\/v2\/pages"}],"about":[{"href":"https:\/\/ffp.no\/ung\/wp-json\/wp\/v2\/types\/page"}],"author":[{"embeddable":true,"href":"https:\/\/ffp.no\/ung\/wp-json\/wp\/v2\/users\/3"}],"replies":[{"embeddable":true,"href":"https:\/\/ffp.no\/ung\/wp-json\/wp\/v2\/comments?post=564"}],"version-history":[{"count":1,"href":"https:\/\/ffp.no\/ung\/wp-json\/wp\/v2\/pages\/564\/revisions"}],"predecessor-version":[{"id":567,"href":"https:\/\/ffp.no\/ung\/wp-json\/wp\/v2\/pages\/564\/revisions\/567"}],"wp:featuredmedia":[{"embeddable":true,"href":"https:\/\/ffp.no\/ung\/wp-json\/wp\/v2\/media\/566"}],"wp:attachment":[{"href":"https:\/\/ffp.no\/ung\/wp-json\/wp\/v2\/media?parent=564"}],"curies":[{"name":"wp","href":"https:\/\/api.w.org\/{rel}","templated":true}]}}