{"id":21,"date":"2016-01-11T13:24:53","date_gmt":"2016-01-11T12:24:53","guid":{"rendered":"https:\/\/ffp.no\/ung\/?page_id=21"},"modified":"2020-08-25T11:19:24","modified_gmt":"2020-08-25T09:19:24","slug":"sporsmal-og-svar","status":"publish","type":"page","link":"https:\/\/ffp.no\/ung\/sporsmal-og-svar\/","title":{"rendered":"Sp\u00f8rsm\u00e5l og svar"},"content":{"rendered":"","protected":false},"excerpt":{"rendered":"<p>Svar p\u00e5 mange av de tingene barn og unge lurer p\u00e5. Trykk p\u00e5 + for \u00e5 \u00e5pne svaret!<\/p>\n","protected":false},"author":3,"featured_media":322,"parent":0,"menu_order":0,"comment_status":"closed","ping_status":"closed","template":"page-qa.php","meta":{"footnotes":""},"class_list":["post-21","page","type-page","status-publish","has-post-thumbnail","hentry"],"_links":{"self":[{"href":"https:\/\/ffp.no\/ung\/wp-json\/wp\/v2\/pages\/21","targetHints":{"allow":["GET"]}}],"collection":[{"href":"https:\/\/ffp.no\/ung\/wp-json\/wp\/v2\/pages"}],"about":[{"href":"https:\/\/ffp.no\/ung\/wp-json\/wp\/v2\/types\/page"}],"author":[{"embeddable":true,"href":"https:\/\/ffp.no\/ung\/wp-json\/wp\/v2\/users\/3"}],"replies":[{"embeddable":true,"href":"https:\/\/ffp.no\/ung\/wp-json\/wp\/v2\/comments?post=21"}],"version-history":[{"count":12,"href":"https:\/\/ffp.no\/ung\/wp-json\/wp\/v2\/pages\/21\/revisions"}],"predecessor-version":[{"id":667,"href":"https:\/\/ffp.no\/ung\/wp-json\/wp\/v2\/pages\/21\/revisions\/667"}],"wp:featuredmedia":[{"embeddable":true,"href":"https:\/\/ffp.no\/ung\/wp-json\/wp\/v2\/media\/322"}],"wp:attachment":[{"href":"https:\/\/ffp.no\/ung\/wp-json\/wp\/v2\/media?parent=21"}],"curies":[{"name":"wp","href":"https:\/\/api.w.org\/{rel}","templated":true}]}}