{"id":12,"date":"2016-01-11T09:30:47","date_gmt":"2016-01-11T08:30:47","guid":{"rendered":"https:\/\/ffp.no\/ung\/?page_id=12"},"modified":"2020-07-07T14:37:18","modified_gmt":"2020-07-07T12:37:18","slug":"har-du-et-familiemedlem-i-fengsel","status":"publish","type":"page","link":"https:\/\/ffp.no\/ung\/har-du-et-familiemedlem-i-fengsel\/","title":{"rendered":"Kjenner du noen i fengsel?"},"content":{"rendered":"<p>Hvert \u00e5r opplever mellom 6000 og 9000 barn og unge at en forelder er i fengsel.<br \/>\nI tillegg er det en del barn og unge som opplever at en i familien m\u00e5 sone hjemme med fotlenke.<\/p>\n<p>For mange er det pappa, og for noen er det mamma.<\/p>\n<p>Det er ogs\u00e5 mange som har et s\u00f8sken som kommer i fengsel, eller en onkel eller en bestemor. Eller noe annet!<\/p>\n<p>Barn og unge som opplever dette kan ha det forskjellig. Noen kan v\u00e6re lei seg, noen kan v\u00e6re redde, noen kan v\u00e6re letta. Det er ogs\u00e5 normalt \u00e5 f\u00f8le mange ting p\u00e5 en gang. Her p\u00e5 sidene v\u00e5re kan du f\u00e5 svar p\u00e5 sp\u00f8rsm\u00e5l du kanskje har, og se videoer hvor andre barn forteller hva de tenker om \u00e5 ha en forelder i fengsel. Trykk p\u00e5 &#8220;Sp\u00f8rsm\u00e5l og Svar&#8221; eller &#8220;Filmer&#8221; oppe i menyen for \u00e5 komme dit.<\/p>\n<p>FFP Ung snakker med mange barn og unge som har et familiemedlem i fengsel. Du kan sp\u00f8rre oss om du lurer p\u00e5 noe! Da kan du enten chatte med oss <a href=\"https:\/\/ffp.no\/ung\/chat-med-ffp-ung\/\">n\u00e5r chatten er \u00e5pen<\/a>.\u00a0Eller du kan trykke p\u00e5 knappen til h\u00f8yre hvor det st\u00e5r &#8220;Sp\u00f8r FFP,&#8221; s\u00e5 svarer vi deg p\u00e5 mail.<\/p>\n<p>Du kan ogs\u00e5 ringe oss p\u00e5 22 11 41 30 (Oslo og hele landet) eller 73 51 19 29 (Trondheim).<\/p>\n<p>H\u00f8r hva disse barna sier om \u00e5 ha en forelder i fengsel!<\/p>\n<div style=\"width: 960px;\" class=\"wp-video\"><video class=\"wp-video-shortcode\" id=\"video-12-1\" width=\"960\" height=\"540\" poster=\"https:\/\/ffp.no\/ung\/files\/2016\/01\/Gutt-stripete-genser.png\" preload=\"metadata\" controls=\"controls\"><source type=\"video\/mp4\" src=\"https:\/\/ffp.no\/ung\/files\/2017\/10\/2-Livet-p\u00e5-utsiden.mp4?_=1\" \/><a href=\"https:\/\/ffp.no\/ung\/files\/2017\/10\/2-Livet-p\u00e5-utsiden.mp4\">https:\/\/ffp.no\/ung\/files\/2017\/10\/2-Livet-p\u00e5-utsiden.mp4<\/a><\/video><\/div>\n","protected":false},"excerpt":{"rendered":"<p>Du er ikke alene!<\/p>\n","protected":false},"author":3,"featured_media":651,"parent":0,"menu_order":0,"comment_status":"closed","ping_status":"closed","template":"","meta":{"footnotes":""},"class_list":["post-12","page","type-page","status-publish","has-post-thumbnail","hentry"],"_links":{"self":[{"href":"https:\/\/ffp.no\/ung\/wp-json\/wp\/v2\/pages\/12","targetHints":{"allow":["GET"]}}],"collection":[{"href":"https:\/\/ffp.no\/ung\/wp-json\/wp\/v2\/pages"}],"about":[{"href":"https:\/\/ffp.no\/ung\/wp-json\/wp\/v2\/types\/page"}],"author":[{"embeddable":true,"href":"https:\/\/ffp.no\/ung\/wp-json\/wp\/v2\/users\/3"}],"replies":[{"embeddable":true,"href":"https:\/\/ffp.no\/ung\/wp-json\/wp\/v2\/comments?post=12"}],"version-history":[{"count":17,"href":"https:\/\/ffp.no\/ung\/wp-json\/wp\/v2\/pages\/12\/revisions"}],"predecessor-version":[{"id":650,"href":"https:\/\/ffp.no\/ung\/wp-json\/wp\/v2\/pages\/12\/revisions\/650"}],"wp:featuredmedia":[{"embeddable":true,"href":"https:\/\/ffp.no\/ung\/wp-json\/wp\/v2\/media\/651"}],"wp:attachment":[{"href":"https:\/\/ffp.no\/ung\/wp-json\/wp\/v2\/media?parent=12"}],"curies":[{"name":"wp","href":"https:\/\/api.w.org\/{rel}","templated":true}]}}